{"id":2,"date":"2013-04-30T00:01:31","date_gmt":"2013-04-29T22:01:31","guid":{"rendered":""},"modified":"2013-05-06T21:48:46","modified_gmt":"2013-05-06T19:48:46","slug":"presentation","status":"publish","type":"page","link":"https:\/\/xavier.boutotcom.com\/?page_id=2","title":{"rendered":"BIENVENUE"},"content":{"rendered":"<p>Bonjour!<\/p>\n<p>Ce site a \u00e9t\u00e9 cr\u00e9\u00e9 \u00e0 l&rsquo;initiative de Xavier Boutot en 2010 pour y recueillir des histoires de la famille de Reingues, d&rsquo;o\u00f9 le titre et les cinq premiers articles. Le mandat a \u00e9t\u00e9 \u00e9largi en avril 2013\u00a0 aux histoires des familles des quatre grands-parents: tous leurs descendants sont d\u00e9sormais bienvenus pour y collaborer. On a cependant gard\u00e9 le titre original parce que, apr\u00e8s tout, c&rsquo;est l&rsquo;id\u00e9e de Xavier, m\u00eame si on esp\u00e8re qu&rsquo;il y aura davantage d&rsquo;auteurs.<\/p>\n<p>Quatre cat\u00e9gories principales ont donc \u00e9t\u00e9 cr\u00e9\u00e9es, une pour chaque famille ancestrale. L&rsquo;ordre dans le sous-titre a \u00e9t\u00e9 d\u00e9termin\u00e9 selon les crit\u00e8res suivants:\u00a0 les dames d&rsquo;abord, les h\u00f4tes en dernier. Ce qui donne bien : Ayroles, Bruno, Albert, Boutot. On peut bien s\u00fbr cr\u00e9er toutes les sous-cat\u00e9gories qu&rsquo;on veut, ce que l&rsquo;on fera au fur et \u00e0 mesure.<\/p>\n<p>Peut-\u00eatre y aura-t-il un jour un livre ou des livres qui en sortiront mais il s&rsquo;agit pour l&rsquo;instant de recueillir des histoires et des documents.<\/p>\n<p>Tous les documents sont modifiables: donc on peut les corriger et y ajouter des informations et surtout des images, ce qui est beaucoup plus joli.<\/p>\n<p>Ce site a \u00e9t\u00e9 cr\u00e9\u00e9 par Bruno Boutot, qui l&rsquo;h\u00e9berge sur son site et sur son serveur.<\/p>\n<p>Nous cherchons bien s\u00fbr des collaborateurs pour commenter, ajouter des articles et des photos et m\u00eame aider \u00e0 la supervision et l&rsquo;assemblage du tout (ce qui correspond \u00e0 diff\u00e9rents niveaux de permission pour intervenir sur le site).\u00a0 Les volontaires sont bienvenus. Demander \u00e0 Bruno. D&rsquo;autres instructions suivront.<\/p>\n<p>&nbsp;<\/p>\n","protected":false},"excerpt":{"rendered":"<p>Bonjour! Ce site a \u00e9t\u00e9 cr\u00e9\u00e9 \u00e0 l&rsquo;initiative de Xavier Boutot en 2010 pour y recueillir des histoires de la famille de Reingues, d&rsquo;o\u00f9 le titre et les cinq premiers articles. Le mandat a \u00e9t\u00e9 \u00e9largi en avril 2013\u00a0 aux histoires des familles des quatre grands-parents: tous leurs descendants sont d\u00e9sormais bienvenus pour y collaborer. [&hellip;]<\/p>\n","protected":false},"author":3,"featured_media":0,"parent":0,"menu_order":0,"comment_status":"open","ping_status":"closed","template":"","meta":{"_bbp_topic_count":0,"_bbp_reply_count":0,"_bbp_total_topic_count":0,"_bbp_total_reply_count":0,"_bbp_voice_count":0,"_bbp_anonymous_reply_count":0,"_bbp_topic_count_hidden":0,"_bbp_reply_count_hidden":0,"_bbp_forum_subforum_count":0},"_links":{"self":[{"href":"https:\/\/xavier.boutotcom.com\/index.php?rest_route=\/wp\/v2\/pages\/2"}],"collection":[{"href":"https:\/\/xavier.boutotcom.com\/index.php?rest_route=\/wp\/v2\/pages"}],"about":[{"href":"https:\/\/xavier.boutotcom.com\/index.php?rest_route=\/wp\/v2\/types\/page"}],"author":[{"embeddable":true,"href":"https:\/\/xavier.boutotcom.com\/index.php?rest_route=\/wp\/v2\/users\/3"}],"replies":[{"embeddable":true,"href":"https:\/\/xavier.boutotcom.com\/index.php?rest_route=%2Fwp%2Fv2%2Fcomments&post=2"}],"version-history":[{"count":9,"href":"https:\/\/xavier.boutotcom.com\/index.php?rest_route=\/wp\/v2\/pages\/2\/revisions"}],"predecessor-version":[{"id":80,"href":"https:\/\/xavier.boutotcom.com\/index.php?rest_route=\/wp\/v2\/pages\/2\/revisions\/80"}],"wp:attachment":[{"href":"https:\/\/xavier.boutotcom.com\/index.php?rest_route=%2Fwp%2Fv2%2Fmedia&parent=2"}],"curies":[{"name":"wp","href":"https:\/\/api.w.org\/{rel}","templated":true}]}}