{"id":69,"date":"2013-05-01T23:03:51","date_gmt":"2013-05-01T21:03:51","guid":{"rendered":"http:\/\/xavier.boutotcom.com\/?page_id=69"},"modified":"2013-05-01T23:03:51","modified_gmt":"2013-05-01T21:03:51","slug":"mode-demploi","status":"publish","type":"page","link":"http:\/\/xavier.boutotcom.com\/?page_id=69","title":{"rendered":"Mode d&#8217;emploi"},"content":{"rendered":"<p>[Je fais juste recopier un \u00ab\u00a0mode d&#8217;emploi\u00a0\u00bb sans avoir v\u00e9rifi\u00e9 sa mise \u00e0 jour. \u00c0 venir.]<\/p>\n<p>Ce site est b\u00e2ti sur un programme gratuit nomm\u00e9 WordPress. Je l&rsquo;ai choisi parce qu&rsquo;il est facile \u00e0 apprendre et \u00e0 utiliser pour les non-programmeurs comme moi. On peut facilement trouver avec Google des tutoriels pour l&rsquo;usage de WordPress. En voici deux:<\/p>\n<p><a href=\"http:\/\/videonoob.fr\/wordpress\/ecrire-un-billet\">\u00c9crire un article<\/a><\/p>\n<p><a href=\"http:\/\/videonoob.fr\/wordpress\/inserer-images-videos\">Ins\u00e9rer des images ou vid\u00e9os<\/a><\/p>\n","protected":false},"excerpt":{"rendered":"<p>[Je fais juste recopier un \u00ab\u00a0mode d&#8217;emploi\u00a0\u00bb sans avoir v\u00e9rifi\u00e9 sa mise \u00e0 jour. \u00c0 venir.] Ce site est b\u00e2ti sur un programme gratuit nomm\u00e9 WordPress. Je l&rsquo;ai choisi parce qu&rsquo;il est facile \u00e0 apprendre et \u00e0 utiliser pour les non-programmeurs comme moi. On peut facilement trouver avec Google des tutoriels pour l&rsquo;usage de WordPress. [&hellip;]<\/p>\n","protected":false},"author":3,"featured_media":0,"parent":0,"menu_order":0,"comment_status":"open","ping_status":"open","template":"","meta":{"_bbp_topic_count":0,"_bbp_reply_count":0,"_bbp_total_topic_count":0,"_bbp_total_reply_count":0,"_bbp_voice_count":0,"_bbp_anonymous_reply_count":0,"_bbp_topic_count_hidden":0,"_bbp_reply_count_hidden":0,"_bbp_forum_subforum_count":0},"_links":{"self":[{"href":"http:\/\/xavier.boutotcom.com\/index.php?rest_route=\/wp\/v2\/pages\/69"}],"collection":[{"href":"http:\/\/xavier.boutotcom.com\/index.php?rest_route=\/wp\/v2\/pages"}],"about":[{"href":"http:\/\/xavier.boutotcom.com\/index.php?rest_route=\/wp\/v2\/types\/page"}],"author":[{"embeddable":true,"href":"http:\/\/xavier.boutotcom.com\/index.php?rest_route=\/wp\/v2\/users\/3"}],"replies":[{"embeddable":true,"href":"http:\/\/xavier.boutotcom.com\/index.php?rest_route=%2Fwp%2Fv2%2Fcomments&post=69"}],"version-history":[{"count":2,"href":"http:\/\/xavier.boutotcom.com\/index.php?rest_route=\/wp\/v2\/pages\/69\/revisions"}],"predecessor-version":[{"id":71,"href":"http:\/\/xavier.boutotcom.com\/index.php?rest_route=\/wp\/v2\/pages\/69\/revisions\/71"}],"wp:attachment":[{"href":"http:\/\/xavier.boutotcom.com\/index.php?rest_route=%2Fwp%2Fv2%2Fmedia&parent=69"}],"curies":[{"name":"wp","href":"https:\/\/api.w.org\/{rel}","templated":true}]}}